{"id":6344,"date":"2024-11-12T14:38:57","date_gmt":"2024-11-12T13:38:57","guid":{"rendered":"https:\/\/njamito.com\/?page_id=6344"},"modified":"2026-01-23T15:45:07","modified_gmt":"2026-01-23T14:45:07","slug":"impressum","status":"publish","type":"page","link":"https:\/\/niamito.com\/de\/impressum\/","title":{"rendered":"Impressum"},"content":{"rendered":"\n<p><strong>LoginEKO Establishment,<\/strong><\/p>\n\n\n\n<p>Kirchstrasse 6, <br>9490 Vaduz, <br>Lichtenstein<\/p>\n\n\n\n<p><strong>Mail:<\/strong> info@niamito.com<\/p>\n\n\n\n<p><strong>Copyrights und Bildrechte<\/strong><\/p>\n\n\n\n<p>im Besitz von oder lizenziert durch LoginEKO Establishment.<\/p>\n\n\n\n<p>Eine Verwertung der urheberrechtlich gesch\u00fctzten Publikation oder aller in ihr enthaltenen Beitr\u00e4ge und Abbildungen, insbesondere durch Vervielf\u00e4ltigung oder Verbreitung, ist one vorherige schriftliche Zustimmung des Unternehmens unzul\u00e4ssig und strafbar. Insbesondere ist eine Einspeicherung oder Verarbeitung in Datensystemen ohne Zustimmung des Unternehmens unzul\u00e4ssig.<\/p>\n\n\n\n<p><\/p>\n","protected":false},"excerpt":{"rendered":"<p>LoginEKO Establishment, Kirchstrasse 6, 9490 Vaduz, Lichtenstein Mail: info@niamito.com Copyrights und Bildrechte im Besitz von oder lizenziert durch LoginEKO Establishment. Eine Verwertung der urheberrechtlich gesch\u00fctzten Publikation oder aller in ihr enthaltenen Beitr\u00e4ge und Abbildungen, insbesondere durch Vervielf\u00e4ltigung oder Verbreitung, ist one vorherige schriftliche Zustimmung des Unternehmens unzul\u00e4ssig und strafbar. Insbesondere ist eine Einspeicherung oder Verarbeitung [&hellip;]<\/p>\n","protected":false},"author":387,"featured_media":0,"parent":0,"menu_order":0,"comment_status":"closed","ping_status":"closed","template":"default-page-template.php","meta":{"_acf_changed":false,"footnotes":""},"class_list":["post-6344","page","type-page","status-publish","hentry"],"acf":[],"yoast_head":"<!-- This site is optimized with the Yoast SEO plugin v27.0 - https:\/\/yoast.com\/product\/yoast-seo-wordpress\/ -->\n<title>Impressum - Niamito<\/title>\n<meta name=\"robots\" content=\"index, follow, max-snippet:-1, max-image-preview:large, max-video-preview:-1\" \/>\n<link rel=\"canonical\" href=\"https:\/\/niamito.com\/de\/impressum\/\" \/>\n<meta property=\"og:locale\" content=\"de_DE\" \/>\n<meta property=\"og:type\" content=\"article\" \/>\n<meta property=\"og:title\" content=\"Impressum - Niamito\" \/>\n<meta property=\"og:description\" content=\"LoginEKO Establishment, Kirchstrasse 6, 9490 Vaduz, Lichtenstein Mail: info@niamito.com Copyrights und Bildrechte im Besitz von oder lizenziert durch LoginEKO Establishment. Eine Verwertung der urheberrechtlich gesch\u00fctzten Publikation oder aller in ihr enthaltenen Beitr\u00e4ge und Abbildungen, insbesondere durch Vervielf\u00e4ltigung oder Verbreitung, ist one vorherige schriftliche Zustimmung des Unternehmens unzul\u00e4ssig und strafbar. Insbesondere ist eine Einspeicherung oder Verarbeitung [&hellip;]\" \/>\n<meta property=\"og:url\" content=\"https:\/\/niamito.com\/de\/impressum\/\" \/>\n<meta property=\"og:site_name\" content=\"Niamito\" \/>\n<meta property=\"article:modified_time\" content=\"2026-01-23T14:45:07+00:00\" \/>\n<meta name=\"twitter:card\" content=\"summary_large_image\" \/>\n<meta name=\"twitter:label1\" content=\"Gesch\u00e4tzte Lesezeit\" \/>\n\t<meta name=\"twitter:data1\" content=\"1 minute\" \/>\n<script type=\"application\/ld+json\" class=\"yoast-schema-graph\">{\"@context\":\"https:\/\/schema.org\",\"@graph\":[{\"@type\":\"WebPage\",\"@id\":\"https:\/\/niamito.com\/de\/impressum\/\",\"url\":\"https:\/\/niamito.com\/de\/impressum\/\",\"name\":\"Impressum - Niamito\",\"isPartOf\":{\"@id\":\"https:\/\/niamito.com\/de\/#website\"},\"datePublished\":\"2024-11-12T13:38:57+00:00\",\"dateModified\":\"2026-01-23T14:45:07+00:00\",\"breadcrumb\":{\"@id\":\"https:\/\/niamito.com\/de\/impressum\/#breadcrumb\"},\"inLanguage\":\"de-DE\",\"potentialAction\":[{\"@type\":\"ReadAction\",\"target\":[\"https:\/\/niamito.com\/de\/impressum\/\"]}]},{\"@type\":\"BreadcrumbList\",\"@id\":\"https:\/\/niamito.com\/de\/impressum\/#breadcrumb\",\"itemListElement\":[{\"@type\":\"ListItem\",\"position\":1,\"name\":\"Home\",\"item\":\"https:\/\/niamito.com\/de\/\"},{\"@type\":\"ListItem\",\"position\":2,\"name\":\"Impressum\"}]},{\"@type\":\"WebSite\",\"@id\":\"https:\/\/niamito.com\/de\/#website\",\"url\":\"https:\/\/niamito.com\/de\/\",\"name\":\"Niamito\",\"description\":\"Mala fla\u0161ka z veliko vsebine. Hiter obrok.\",\"potentialAction\":[{\"@type\":\"SearchAction\",\"target\":{\"@type\":\"EntryPoint\",\"urlTemplate\":\"https:\/\/niamito.com\/de\/?s={search_term_string}\"},\"query-input\":{\"@type\":\"PropertyValueSpecification\",\"valueRequired\":true,\"valueName\":\"search_term_string\"}}],\"inLanguage\":\"de-DE\"}]}<\/script>\n<!-- \/ Yoast SEO plugin. -->","yoast_head_json":{"title":"Impressum - Niamito","robots":{"index":"index","follow":"follow","max-snippet":"max-snippet:-1","max-image-preview":"max-image-preview:large","max-video-preview":"max-video-preview:-1"},"canonical":"https:\/\/niamito.com\/de\/impressum\/","og_locale":"de_DE","og_type":"article","og_title":"Impressum - Niamito","og_description":"LoginEKO Establishment, Kirchstrasse 6, 9490 Vaduz, Lichtenstein Mail: info@niamito.com Copyrights und Bildrechte im Besitz von oder lizenziert durch LoginEKO Establishment. Eine Verwertung der urheberrechtlich gesch\u00fctzten Publikation oder aller in ihr enthaltenen Beitr\u00e4ge und Abbildungen, insbesondere durch Vervielf\u00e4ltigung oder Verbreitung, ist one vorherige schriftliche Zustimmung des Unternehmens unzul\u00e4ssig und strafbar. Insbesondere ist eine Einspeicherung oder Verarbeitung [&hellip;]","og_url":"https:\/\/niamito.com\/de\/impressum\/","og_site_name":"Niamito","article_modified_time":"2026-01-23T14:45:07+00:00","twitter_card":"summary_large_image","twitter_misc":{"Gesch\u00e4tzte Lesezeit":"1 minute"},"schema":{"@context":"https:\/\/schema.org","@graph":[{"@type":"WebPage","@id":"https:\/\/niamito.com\/de\/impressum\/","url":"https:\/\/niamito.com\/de\/impressum\/","name":"Impressum - Niamito","isPartOf":{"@id":"https:\/\/niamito.com\/de\/#website"},"datePublished":"2024-11-12T13:38:57+00:00","dateModified":"2026-01-23T14:45:07+00:00","breadcrumb":{"@id":"https:\/\/niamito.com\/de\/impressum\/#breadcrumb"},"inLanguage":"de-DE","potentialAction":[{"@type":"ReadAction","target":["https:\/\/niamito.com\/de\/impressum\/"]}]},{"@type":"BreadcrumbList","@id":"https:\/\/niamito.com\/de\/impressum\/#breadcrumb","itemListElement":[{"@type":"ListItem","position":1,"name":"Home","item":"https:\/\/niamito.com\/de\/"},{"@type":"ListItem","position":2,"name":"Impressum"}]},{"@type":"WebSite","@id":"https:\/\/niamito.com\/de\/#website","url":"https:\/\/niamito.com\/de\/","name":"Niamito","description":"Mala fla\u0161ka z veliko vsebine. Hiter obrok.","potentialAction":[{"@type":"SearchAction","target":{"@type":"EntryPoint","urlTemplate":"https:\/\/niamito.com\/de\/?s={search_term_string}"},"query-input":{"@type":"PropertyValueSpecification","valueRequired":true,"valueName":"search_term_string"}}],"inLanguage":"de-DE"}]}},"_links":{"self":[{"href":"https:\/\/niamito.com\/de\/wp-json\/wp\/v2\/pages\/6344","targetHints":{"allow":["GET"]}}],"collection":[{"href":"https:\/\/niamito.com\/de\/wp-json\/wp\/v2\/pages"}],"about":[{"href":"https:\/\/niamito.com\/de\/wp-json\/wp\/v2\/types\/page"}],"author":[{"embeddable":true,"href":"https:\/\/niamito.com\/de\/wp-json\/wp\/v2\/users\/387"}],"replies":[{"embeddable":true,"href":"https:\/\/niamito.com\/de\/wp-json\/wp\/v2\/comments?post=6344"}],"version-history":[{"count":0,"href":"https:\/\/niamito.com\/de\/wp-json\/wp\/v2\/pages\/6344\/revisions"}],"wp:attachment":[{"href":"https:\/\/niamito.com\/de\/wp-json\/wp\/v2\/media?parent=6344"}],"curies":[{"name":"wp","href":"https:\/\/api.w.org\/{rel}","templated":true}]}}